{"id":1803,"date":"2022-08-02T14:31:27","date_gmt":"2022-08-02T12:31:27","guid":{"rendered":"https:\/\/nietlispach.com.ownb.it\/impressum\/"},"modified":"2023-12-18T10:08:52","modified_gmt":"2023-12-18T09:08:52","slug":"imprint","status":"publish","type":"page","link":"https:\/\/nietlispach.com\/en\/imprint\/","title":{"rendered":"Imprint"},"content":{"rendered":"<div  class=\"page-section style-default layout-default align-default\">\n\t<div class=\"section-grid grid-layout container\"><div  style=\"--grid-layout-index: 1; --col-xs: 12; --col-sm: 12; --col-md: 12; --col-lg: 12; --col-xl: 12\" class=\"section-item layout-default layout-margin-default\"><h1>Impressum<\/h1>\n<h2>Postanschrift<\/h2>\n\n<p>Nietlispach Unternehmensberatung AG<br \/>\nKirchplatz 5<br \/>\n8400 Winterthur<\/p>\n\n<h2>Umsetzung<\/h2>\n<p>Konzept &amp; Design: <a href=\"https:\/\/hauserimaging.ch\/\" target=\"_blank\" rel=\"noopener\">Hauser Imaging<\/a><br \/>\nUmsetzung: <a href=\"https:\/\/ownbit.agency\/\" target=\"_blank\" rel=\"noopener\">OWNBIT GmbH<\/a><\/p>\n\n<h2>Haftungsausschluss<\/h2>\n<p>Wir \u00fcbernehmen keinerlei Gew\u00e4hr hinsichtlich der inhaltlichen Richtigkeit, Genauigkeit, Aktualit\u00e4t, Zuverl\u00e4ssigkeit und Vollst\u00e4ndigkeit der Informationen. Haftungsanspr\u00fcche gegen uns wegen Sch\u00e4den materieller oder immaterieller Art, welche aus dem Zugriff oder der Nutzung bzw. Nichtnutzung der ver\u00f6ffentlichten Informationen, durch Missbrauch der Verbindung oder durch technische St\u00f6rungen entstanden sind, werden ausgeschlossen. Alle Angebote sind unverbindlich. Der Autor beh\u00e4lt es sich ausdr\u00fccklich vor, Teile der Seiten oder das gesamte Angebot ohne gesonderte Ank\u00fcndigung zu ver\u00e4ndern, zu erg\u00e4nzen, zu l\u00f6schen oder die Ver\u00f6ffentlichung zeitweise oder endg\u00fcltig einzustellen.<\/p>\n\n<h2>Haftung f\u00fcr Links<\/h2>\n<p>Verweise und Links auf Webseiten Dritter liegen ausserhalb unseres Verantwortungsbereichs. Es wird jegliche Verantwortung f\u00fcr solche Webseiten abgelehnt. Der Zugriff und die Nutzung solcher Webseiten erfolgen auf eigene Gefahr des Nutzers oder der Nutzerin.<\/p>\n\n<h2>Urheberrechte<\/h2>\n<p>Die Urheber- und alle anderen Rechte an Inhalten, Bildern, Fotos oder anderen Dateien auf der Website geh\u00f6ren und oder den jeweiligen Rechtsinhabern. F\u00fcr die Reproduktion jeglicher Elemente ist die schriftliche Zustimmung der Urheberrechtstr\u00e4ger im Voraus einzuholen.<\/p>\n<\/div><\/div>\n<\/div>","protected":false},"excerpt":{"rendered":"<p>Impressum Postanschrift Nietlispach Unternehmensberatung AG Kirchplatz 5 8400 Winterthur Umsetzung Konzept &amp; Design: Hauser Imaging Umsetzung: OWNBIT GmbH Haftungsausschluss Wir \u00fcbernehmen keinerlei Gew\u00e4hr hinsichtlich der inhaltlichen Richtigkeit, Genauigkeit, Aktualit\u00e4t, Zuverl\u00e4ssigkeit und Vollst\u00e4ndigkeit der Informationen. Haftungsanspr\u00fcche gegen uns wegen Sch\u00e4den materieller oder immaterieller Art, welche aus dem Zugriff oder der Nutzung bzw. Nichtnutzung der ver\u00f6ffentlichten Informationen, [&hellip;]<\/p>\n","protected":false},"author":1,"featured_media":0,"parent":0,"menu_order":0,"comment_status":"closed","ping_status":"closed","template":"","meta":{"_acf_changed":false,"inline_featured_image":false,"footnotes":""},"class_list":["post-1803","page","type-page","status-publish","hentry"],"acf":[],"_links":{"self":[{"href":"https:\/\/nietlispach.com\/en\/wp-json\/wp\/v2\/pages\/1803","targetHints":{"allow":["GET"]}}],"collection":[{"href":"https:\/\/nietlispach.com\/en\/wp-json\/wp\/v2\/pages"}],"about":[{"href":"https:\/\/nietlispach.com\/en\/wp-json\/wp\/v2\/types\/page"}],"author":[{"embeddable":true,"href":"https:\/\/nietlispach.com\/en\/wp-json\/wp\/v2\/users\/1"}],"replies":[{"embeddable":true,"href":"https:\/\/nietlispach.com\/en\/wp-json\/wp\/v2\/comments?post=1803"}],"version-history":[{"count":1,"href":"https:\/\/nietlispach.com\/en\/wp-json\/wp\/v2\/pages\/1803\/revisions"}],"predecessor-version":[{"id":1804,"href":"https:\/\/nietlispach.com\/en\/wp-json\/wp\/v2\/pages\/1803\/revisions\/1804"}],"wp:attachment":[{"href":"https:\/\/nietlispach.com\/en\/wp-json\/wp\/v2\/media?parent=1803"}],"curies":[{"name":"wp","href":"https:\/\/api.w.org\/{rel}","templated":true}]}}